{"id":3291,"date":"2025-08-04T14:03:20","date_gmt":"2025-08-04T14:03:20","guid":{"rendered":"https:\/\/designersupply.fi\/?product=burberry-huppari"},"modified":"2025-09-05T19:04:54","modified_gmt":"2025-09-05T19:04:54","slug":"burberry-huppari","status":"publish","type":"product","link":"https:\/\/designersupply.fi\/?product=burberry-huppari","title":{"rendered":"Burberry huppari"},"content":{"rendered":"","protected":false},"excerpt":{"rendered":"<p><strong>TUOTEKUVAUS<\/strong><\/p>\n<p><strong>Koko M<\/strong><\/p>\n<p><strong>Erinomainen kunto!<\/strong><\/p>\n<p><strong><\/strong><\/p>\n<p><strong>Ota rohkeasti yhteytt\u00e4 mik\u00e4li tarvitset lis\u00e4tietoa tuotteesta!<\/strong><\/p>\n<p><strong><\/strong><\/p>\n","protected":false},"featured_media":3289,"comment_status":"open","ping_status":"closed","template":"","meta":[],"product_brand":[],"product_cat":[18],"product_tag":[],"class_list":{"0":"post-3291","1":"product","2":"type-product","3":"status-publish","4":"has-post-thumbnail","6":"product_cat-uncategorized","8":"first","9":"outofstock","10":"shipping-taxable","11":"purchasable","12":"product-type-simple"},"_links":{"self":[{"href":"https:\/\/designersupply.fi\/index.php?rest_route=\/wp\/v2\/product\/3291"}],"collection":[{"href":"https:\/\/designersupply.fi\/index.php?rest_route=\/wp\/v2\/product"}],"about":[{"href":"https:\/\/designersupply.fi\/index.php?rest_route=\/wp\/v2\/types\/product"}],"replies":[{"embeddable":true,"href":"https:\/\/designersupply.fi\/index.php?rest_route=%2Fwp%2Fv2%2Fcomments&post=3291"}],"version-history":[{"count":0,"href":"https:\/\/designersupply.fi\/index.php?rest_route=\/wp\/v2\/product\/3291\/revisions"}],"wp:featuredmedia":[{"embeddable":true,"href":"https:\/\/designersupply.fi\/index.php?rest_route=\/wp\/v2\/media\/3289"}],"wp:attachment":[{"href":"https:\/\/designersupply.fi\/index.php?rest_route=%2Fwp%2Fv2%2Fmedia&parent=3291"}],"wp:term":[{"taxonomy":"product_brand","embeddable":true,"href":"https:\/\/designersupply.fi\/index.php?rest_route=%2Fwp%2Fv2%2Fproduct_brand&post=3291"},{"taxonomy":"product_cat","embeddable":true,"href":"https:\/\/designersupply.fi\/index.php?rest_route=%2Fwp%2Fv2%2Fproduct_cat&post=3291"},{"taxonomy":"product_tag","embeddable":true,"href":"https:\/\/designersupply.fi\/index.php?rest_route=%2Fwp%2Fv2%2Fproduct_tag&post=3291"}],"curies":[{"name":"wp","href":"https:\/\/api.w.org\/{rel}","templated":true}]}}